{"id":2,"date":"2023-06-30T17:27:00","date_gmt":"2023-06-30T15:27:00","guid":{"rendered":"http:\/\/www.rehbinder.se\/?page_id=2"},"modified":"2025-10-06T13:55:05","modified_gmt":"2025-10-06T11:55:05","slug":"exempelsida","status":"publish","type":"page","link":"https:\/\/www.rehbinder.se\/","title":{"rendered":"V\u00e4lkommen!"},"content":{"rendered":"<p><img loading=\"lazy\" decoding=\"async\" src=\"http:\/\/www.rehbinder.se\/wp-content\/uploads\/2023\/11\/rrhb_calle_jennie_gra.jpg\" alt=\"\" width=\"584\" height=\"200\" \/><\/p>\n<p><span style=\"font-family: Verdana, Arial, Geneva, Helvetica, Sans serif; font-size: small;\"><strong>Rehbinder.se \u00e4r en webportal<\/strong> f\u00f6r Carl Johan &amp; Jennie Rehbinder, och v\u00e5rt lilla familjef\u00f6retag <strong>Rehbinder &amp; Rehbinder HB<\/strong>, som vi har drivit sedan 2009. H\u00e4r kan du hitta s\u00e5v\u00e4l f\u00f6retagsuppgifter som vilka <a href=\"http:\/\/www.rehbinder.se\/index.php\/tjanster\/\"><strong>tj\u00e4nster vi erbjuder<\/strong><\/a>, och l\u00e4nkar vidare till de av v\u00e5ra hemsidor som representerar dessa olika tj\u00e4nster.<\/span><\/p>\n<p><span style=\"font-family: Verdana, Arial, Geneva, Helvetica, Sans serif; font-size: small;\"><strong>Rehbinder.se \u00e4r ocks\u00e5 en portal<\/strong> f\u00f6r alla de olika webplatser som vi har. P\u00e5 denna sida ska du allts\u00e5 kunna hitta s\u00e5v\u00e4l f\u00f6retagsinformation som l\u00e4nkar till samtliga v\u00e5ra aktuella hemsidor. Sammanlagt har vi i dagsl\u00e4get <a href=\"http:\/\/www.rehbinder.se\/index.php\/hemsidor\/\"><strong>58 tillg\u00e4ngliga hemsidor<\/strong><\/a>. Ja, det \u00e4r v\u00e4ldigt m\u00e5nga, men Calle har tillverkat hemsidor sedan 1998, s\u00e5v\u00e4l p\u00e5 best\u00e4llning fr\u00e5n kunder som till egna projekt, och Jennie har ocks\u00e5 tillverkat ett antal sidor f\u00f6r eget bruk, s\u00e5 det har f\u00f6rst\u00e5s hunnit bli en hel del genom \u00e5ren.<\/span><\/p>\n<p><span style=\"font-family: Verdana, Arial, Geneva, Helvetica, Sans serif; font-size: small;\"><strong>Alla v\u00e5ra hemsidor \u00e4r inte aktiva och aktuella<\/strong>, men vi har l\u00e5tit flera gamla hemsidor vara tillg\u00e4ngliga p\u00e5 n\u00e4tet mest f\u00f6r n\u00f6jes skull. Vi har kort sagt skapat lite av ett webmuseum. M\u00e5nga har f\u00f6ljt oss p\u00e5 v\u00e5ra hemsidor \u00e4nda sedan vi b\u00f6rjade skapa s\u00e5dana i januari 1998, allts\u00e5 f\u00f6r mer \u00e4n 25 \u00e5r sedan. Vi vill att ni som var med oss f\u00f6rr ska kunna vara det nu ocks\u00e5, och k\u00e4nna igen er \u00e4ven p\u00e5 en och annan gammal plats. Vi tycker helt enkelt att det \u00e4r kul att vi har en del hemsidor kvar p\u00e5 n\u00e4tet som \u00e4r tillverkade redan p\u00e5 1990-talet, med HTML och den tidens grafik.<\/span><\/p>\n<p><span style=\"font-family: Verdana, Arial, Geneva, Helvetica, Sans serif; font-size: small;\"><strong>En nyhet 2023<\/strong> \u00e4r att flera av v\u00e5ra dom\u00e4ner efter att ha varit tillf\u00e4lligt nere, nu \u00e4r fullt aktiva igen, ibland med kraftigt uppdaterade och kompletterade hemsidor, framf\u00f6r allt av den enkla anledningen att vi nu har samlat samtliga v\u00e5ra dom\u00e4ner p\u00e5 ett och samma webbhotell \u2013 <a href=\"https:\/\/www.oderland.se\/\" target=\"_blank\" rel=\"noopener\"><strong>Oderland<\/strong><\/a>.<\/span><\/p>\n<p><span style=\"font-family: Verdana, Arial, Geneva, Helvetica, Sans serif; font-size: small;\"><strong>V\u00e4lkommen!<\/strong><\/span><\/p>\n<p><img loading=\"lazy\" decoding=\"async\" src=\"http:\/\/www.rehbinder.se\/wp-content\/uploads\/2023\/08\/stripe_584.jpg\" alt=\"\" width=\"584\" height=\"28\" \/><\/p>\n\n\n<p><\/p>\n","protected":false},"excerpt":{"rendered":"<p>Rehbinder.se \u00e4r en webportal f\u00f6r Carl Johan &amp; Jennie Rehbinder, och v\u00e5rt lilla familjef\u00f6retag Rehbinder &amp; Rehbinder HB, som vi har drivit sedan 2009. H\u00e4r kan du hitta s\u00e5v\u00e4l f\u00f6retagsuppgifter som vilka tj\u00e4nster vi erbjuder, och l\u00e4nkar vidare till de &hellip; <a href=\"https:\/\/www.rehbinder.se\/\">Forts\u00e4tt l\u00e4sa <span class=\"meta-nav\">&rarr;<\/span><\/a><\/p>\n","protected":false},"author":1,"featured_media":0,"parent":0,"menu_order":1,"comment_status":"closed","ping_status":"open","template":"sidebar-page.php","meta":{"footnotes":""},"class_list":["post-2","page","type-page","status-publish","hentry"],"_links":{"self":[{"href":"https:\/\/www.rehbinder.se\/index.php\/wp-json\/wp\/v2\/pages\/2","targetHints":{"allow":["GET"]}}],"collection":[{"href":"https:\/\/www.rehbinder.se\/index.php\/wp-json\/wp\/v2\/pages"}],"about":[{"href":"https:\/\/www.rehbinder.se\/index.php\/wp-json\/wp\/v2\/types\/page"}],"author":[{"embeddable":true,"href":"https:\/\/www.rehbinder.se\/index.php\/wp-json\/wp\/v2\/users\/1"}],"replies":[{"embeddable":true,"href":"https:\/\/www.rehbinder.se\/index.php\/wp-json\/wp\/v2\/comments?post=2"}],"version-history":[{"count":20,"href":"https:\/\/www.rehbinder.se\/index.php\/wp-json\/wp\/v2\/pages\/2\/revisions"}],"predecessor-version":[{"id":200,"href":"https:\/\/www.rehbinder.se\/index.php\/wp-json\/wp\/v2\/pages\/2\/revisions\/200"}],"wp:attachment":[{"href":"https:\/\/www.rehbinder.se\/index.php\/wp-json\/wp\/v2\/media?parent=2"}],"curies":[{"name":"wp","href":"https:\/\/api.w.org\/{rel}","templated":true}]}}